{"id":10550,"date":"2022-01-16T16:08:06","date_gmt":"2022-01-16T16:08:06","guid":{"rendered":"https:\/\/staging.ionodes.com\/a-propos\/"},"modified":"2023-03-28T18:17:45","modified_gmt":"2023-03-28T18:17:45","slug":"a-propos","status":"publish","type":"page","link":"https:\/\/www.ionodes.com\/fr\/a-propos\/","title":{"rendered":"\u00c0 propos"},"content":{"rendered":"<p>Notre mission est de repousser les limites de la technologie vid\u00e9o, en proposant des produits innovants qui am\u00e9lioreront le mode de vie des gens tout en assurant leur s\u00e9curit\u00e9.<\/p>\n","protected":false},"excerpt":{"rendered":"<p>Notre mission est de repousser les limites de la technologie vid\u00e9o, en proposant des produits innovants qui am\u00e9lioreront le mode de vie des gens tout en assurant leur s\u00e9curit\u00e9.<\/p>\n","protected":false},"author":3,"featured_media":9720,"parent":0,"menu_order":0,"comment_status":"closed","ping_status":"closed","template":"page-templates\/page-about.php","meta":{"_acf_changed":false,"footnotes":""},"class_list":["post-10550","page","type-page","status-publish","has-post-thumbnail","hentry"],"acf":[],"_links":{"self":[{"href":"https:\/\/www.ionodes.com\/fr\/wp-json\/wp\/v2\/pages\/10550","targetHints":{"allow":["GET"]}}],"collection":[{"href":"https:\/\/www.ionodes.com\/fr\/wp-json\/wp\/v2\/pages"}],"about":[{"href":"https:\/\/www.ionodes.com\/fr\/wp-json\/wp\/v2\/types\/page"}],"author":[{"embeddable":true,"href":"https:\/\/www.ionodes.com\/fr\/wp-json\/wp\/v2\/users\/3"}],"replies":[{"embeddable":true,"href":"https:\/\/www.ionodes.com\/fr\/wp-json\/wp\/v2\/comments?post=10550"}],"version-history":[{"count":1,"href":"https:\/\/www.ionodes.com\/fr\/wp-json\/wp\/v2\/pages\/10550\/revisions"}],"predecessor-version":[{"id":10585,"href":"https:\/\/www.ionodes.com\/fr\/wp-json\/wp\/v2\/pages\/10550\/revisions\/10585"}],"wp:featuredmedia":[{"embeddable":true,"href":"https:\/\/www.ionodes.com\/fr\/wp-json\/wp\/v2\/media\/9720"}],"wp:attachment":[{"href":"https:\/\/www.ionodes.com\/fr\/wp-json\/wp\/v2\/media?parent=10550"}],"curies":[{"name":"wp","href":"https:\/\/api.w.org\/{rel}","templated":true}]}}