{"id":10556,"date":"2022-02-01T07:47:38","date_gmt":"2022-02-01T07:47:38","guid":{"rendered":"https:\/\/staging.ionodes.com\/carrieres\/"},"modified":"2024-10-30T13:40:19","modified_gmt":"2024-10-30T13:40:19","slug":"carrieres","status":"publish","type":"page","link":"https:\/\/www.ionodes.com\/fr\/carrieres\/","title":{"rendered":"Carri\u00e8res"},"content":{"rendered":"<h5>IONODES est toujours \u00e0 la recherche de grands talents pour rejoindre son \u00e9quipe dynamique !<\/h5>\n<p>Pour toute demande de renseignements sur un poste vacant, veuillez contacter <a href=\"mailto:emploi@ionodes.com\">emploi@ionodes.com<\/a><\/p>\n","protected":false},"excerpt":{"rendered":"<p>IONODES est toujours \u00e0 la recherche de grands talents pour rejoindre son \u00e9quipe dynamique ! Pour toute demande de renseignements sur un poste vacant, veuillez contacter emploi@ionodes.com<\/p>\n","protected":false},"author":3,"featured_media":10130,"parent":0,"menu_order":0,"comment_status":"closed","ping_status":"closed","template":"page-templates\/page-careers.php","meta":{"_acf_changed":false,"footnotes":""},"class_list":["post-10556","page","type-page","status-publish","has-post-thumbnail","hentry"],"acf":[],"_links":{"self":[{"href":"https:\/\/www.ionodes.com\/fr\/wp-json\/wp\/v2\/pages\/10556","targetHints":{"allow":["GET"]}}],"collection":[{"href":"https:\/\/www.ionodes.com\/fr\/wp-json\/wp\/v2\/pages"}],"about":[{"href":"https:\/\/www.ionodes.com\/fr\/wp-json\/wp\/v2\/types\/page"}],"author":[{"embeddable":true,"href":"https:\/\/www.ionodes.com\/fr\/wp-json\/wp\/v2\/users\/3"}],"replies":[{"embeddable":true,"href":"https:\/\/www.ionodes.com\/fr\/wp-json\/wp\/v2\/comments?post=10556"}],"version-history":[{"count":5,"href":"https:\/\/www.ionodes.com\/fr\/wp-json\/wp\/v2\/pages\/10556\/revisions"}],"predecessor-version":[{"id":11674,"href":"https:\/\/www.ionodes.com\/fr\/wp-json\/wp\/v2\/pages\/10556\/revisions\/11674"}],"wp:featuredmedia":[{"embeddable":true,"href":"https:\/\/www.ionodes.com\/fr\/wp-json\/wp\/v2\/media\/10130"}],"wp:attachment":[{"href":"https:\/\/www.ionodes.com\/fr\/wp-json\/wp\/v2\/media?parent=10556"}],"curies":[{"name":"wp","href":"https:\/\/api.w.org\/{rel}","templated":true}]}}