{"id":10570,"date":"2022-01-16T10:14:18","date_gmt":"2022-01-16T10:14:18","guid":{"rendered":"https:\/\/staging.ionodes.com\/produits\/"},"modified":"2023-03-28T18:18:26","modified_gmt":"2023-03-28T18:18:26","slug":"produits","status":"publish","type":"page","link":"https:\/\/www.ionodes.com\/fr\/produits\/","title":{"rendered":"Produits"},"content":{"rendered":"<p>Nous proposons un large \u00e9ventail d&rsquo;appareils vid\u00e9o IoT intelligents, allant d&rsquo;une gamme compl\u00e8te d&rsquo;encodeurs et de d\u00e9codeurs vid\u00e9o IoT \u00e0 des solutions de cam\u00e9ra plus avanc\u00e9es pour les applications commerciales, d&rsquo;entreprise, industrielles et gouvernementales.<\/p>\n","protected":false},"excerpt":{"rendered":"<p>Nous proposons un large \u00e9ventail d&rsquo;appareils vid\u00e9o IoT intelligents, allant d&rsquo;une gamme compl\u00e8te d&rsquo;encodeurs et de d\u00e9codeurs vid\u00e9o IoT \u00e0 des solutions de cam\u00e9ra plus avanc\u00e9es pour les applications commerciales, d&rsquo;entreprise, industrielles et gouvernementales.<\/p>\n","protected":false},"author":3,"featured_media":10091,"parent":0,"menu_order":0,"comment_status":"closed","ping_status":"closed","template":"page-templates\/page-products.php","meta":{"_acf_changed":false,"footnotes":""},"class_list":["post-10570","page","type-page","status-publish","has-post-thumbnail","hentry"],"acf":[],"_links":{"self":[{"href":"https:\/\/www.ionodes.com\/fr\/wp-json\/wp\/v2\/pages\/10570","targetHints":{"allow":["GET"]}}],"collection":[{"href":"https:\/\/www.ionodes.com\/fr\/wp-json\/wp\/v2\/pages"}],"about":[{"href":"https:\/\/www.ionodes.com\/fr\/wp-json\/wp\/v2\/types\/page"}],"author":[{"embeddable":true,"href":"https:\/\/www.ionodes.com\/fr\/wp-json\/wp\/v2\/users\/3"}],"replies":[{"embeddable":true,"href":"https:\/\/www.ionodes.com\/fr\/wp-json\/wp\/v2\/comments?post=10570"}],"version-history":[{"count":1,"href":"https:\/\/www.ionodes.com\/fr\/wp-json\/wp\/v2\/pages\/10570\/revisions"}],"predecessor-version":[{"id":10586,"href":"https:\/\/www.ionodes.com\/fr\/wp-json\/wp\/v2\/pages\/10570\/revisions\/10586"}],"wp:featuredmedia":[{"embeddable":true,"href":"https:\/\/www.ionodes.com\/fr\/wp-json\/wp\/v2\/media\/10091"}],"wp:attachment":[{"href":"https:\/\/www.ionodes.com\/fr\/wp-json\/wp\/v2\/media?parent=10570"}],"curies":[{"name":"wp","href":"https:\/\/api.w.org\/{rel}","templated":true}]}}