{"id":10571,"date":"2022-03-12T06:37:31","date_gmt":"2022-03-12T06:37:31","guid":{"rendered":"https:\/\/staging.ionodes.com\/partenaires-technologiques\/milestone-systems\/"},"modified":"2025-10-07T20:18:36","modified_gmt":"2025-10-07T20:18:36","slug":"milestone-systems","status":"publish","type":"page","link":"https:\/\/www.ionodes.com\/fr\/partenaires-technologiques\/milestone-systems\/","title":{"rendered":"Milestone Systems"},"content":{"rendered":"<h3>Milestone Systems<\/h3>\n<p>Milestone Systems est l&rsquo;un des principaux fournisseurs de logiciels de gestion vid\u00e9o \u00e0 plate-forme ouverte. Bas\u00e9 sur une solution de plate-forme ouverte, leur logiciel de gestion vid\u00e9o permet une int\u00e9gration avec un large choix de cam\u00e9ras de l&rsquo;industrie et les meilleures solutions professionnelles.<\/p>\n<p>&nbsp;<\/p>\n<h3>Cam\u00e9ra d&rsquo;intervention PERCEPT<\/h3>\n<p>La Cam\u00e9ra d\u2019intervention PERCEPT est dot\u00e9e d\u2019une connectivit\u00e9 4G LTE \/ Wi-Fi, d\u2019une vid\u00e9o \u00e0 180 \u00b0 \u00e0 une r\u00e9solution 4K, d\u2019une diffusion en direct, d\u2019un audio bidirectionnel et de fonctionnalit\u00e9s innovantes, ce qui la rend id\u00e9ale pour les clients qui ont besoin d\u2019une solution de cam\u00e9ra mobile en temps r\u00e9el qui peut \u00eatre int\u00e9gr\u00e9e \u00e0 Milestone XProtect et prend en charge la gestion des preuves dans XProtect Evidence Manager.<\/p>\n<p>La solution de Cam\u00e9ra corporelle PERCEPT permet aux organisations d&rsquo;\u00e9tendre leur syst\u00e8me vid\u00e9o Milestone XProtect pour inclure des cam\u00e9ras mobiles avec des capacit\u00e9s de diffusion en direct, un large champ de vision et une r\u00e9solution 4K. L&rsquo;ajout de cam\u00e9ras corporelles offre une plus grande couverture d&rsquo;un environnement et de ses activit\u00e9s, contribuant ainsi \u00e0 am\u00e9liorer consid\u00e9rablement la s\u00e9curit\u00e9 et l&rsquo;efficacit\u00e9 sur site.<\/p>\n<p>L\u2019int\u00e9gration des Cam\u00e9ras d\u2019intervention PERCEPT \u00e0 vos d\u00e9ploiements Milestone XProtect vous apporte la tranquillit\u00e9 d\u2019esprit sachant que l\u2019ensemble de votre solution vid\u00e9o est centralis\u00e9e et que les \u00e9v\u00e9nements vid\u00e9o mobiles peuvent \u00eatre exploit\u00e9s dans vos flux de travail. Les s\u00e9quences enregistr\u00e9es par la cam\u00e9ra sont synchronis\u00e9es avec XProtect via Wi-Fi ou via des stations d&rsquo;accueil, puis g\u00e9r\u00e9es dans XProtect Evidence Manager pour le marquage, la conservation, l&rsquo;exportation et les processus de cha\u00eene de contr\u00f4le. En centralisant les vid\u00e9os mobiles et les cam\u00e9ras fixes dans XProtect, les organisations simplifient l&rsquo;examen des incidents et maintiennent un processus coh\u00e9rent et v\u00e9rifiable, de la capture \u00e0 la gestion des dossiers. <\/p>\n<p>La solution de Cam\u00e9ra corporelle PERCEPT a \u00e9t\u00e9 con\u00e7ue pour les applications commerciales et d&rsquo;entreprise, y compris la s\u00e9curit\u00e9 priv\u00e9e, le transport, l&rsquo;entreposage, la vente au d\u00e9tail, l&rsquo;industrie de la fabrication et plus encore. Les cas d&rsquo;utilisation typiques incluent la s\u00e9curit\u00e9 du personnel, les rapports d&rsquo;incidents, le suivi des ressources et des actifs, la surveillance de l&rsquo;efficacit\u00e9, l&rsquo;assistance \u00e0 distance en direct, la formation, l&rsquo;optimisation des services et la dissuasion contre le vol.<\/p>\n<h6><strong>Ressources en ligne<\/strong><\/h6>\n<p><a href=\"https:\/\/www.ionodes.com\/wp-content\/uploads\/2025\/08\/IONODES-Milestone-Integrated-Body-Camera-Solution-Overview.pdf\">Cam\u00e9ra d\u2019intervention PERCEPT avec XProtect Evidence Manager<\/a><br \/>\n<a href=\"https:\/\/www.milestonesys.com\/technology-partner-finder\/ionodes-inc\/percept-body-camera\/\" rel=\"noopener\" target=\"_blank\">Visitez la page PERCEPT du Milestone Marketplace<\/a><\/p>\n<p>&nbsp;<\/p>\n","protected":false},"excerpt":{"rendered":"<p>Milestone Systems Milestone Systems est l&rsquo;un des principaux fournisseurs de logiciels de gestion vid\u00e9o \u00e0 plate-forme ouverte. Bas\u00e9 sur une solution de plate-forme ouverte, leur logiciel de gestion vid\u00e9o permet une int\u00e9gration avec un large choix de cam\u00e9ras de l&rsquo;industrie et les meilleures solutions professionnelles. &nbsp; Cam\u00e9ra d&rsquo;intervention PERCEPT La Cam\u00e9ra d\u2019intervention PERCEPT est dot\u00e9e [&hellip;]<\/p>\n","protected":false},"author":3,"featured_media":10125,"parent":10557,"menu_order":0,"comment_status":"closed","ping_status":"closed","template":"page-templates\/page-technology-partners-detial.php","meta":{"_acf_changed":false,"footnotes":""},"class_list":["post-10571","page","type-page","status-publish","has-post-thumbnail","hentry"],"acf":[],"_links":{"self":[{"href":"https:\/\/www.ionodes.com\/fr\/wp-json\/wp\/v2\/pages\/10571","targetHints":{"allow":["GET"]}}],"collection":[{"href":"https:\/\/www.ionodes.com\/fr\/wp-json\/wp\/v2\/pages"}],"about":[{"href":"https:\/\/www.ionodes.com\/fr\/wp-json\/wp\/v2\/types\/page"}],"author":[{"embeddable":true,"href":"https:\/\/www.ionodes.com\/fr\/wp-json\/wp\/v2\/users\/3"}],"replies":[{"embeddable":true,"href":"https:\/\/www.ionodes.com\/fr\/wp-json\/wp\/v2\/comments?post=10571"}],"version-history":[{"count":15,"href":"https:\/\/www.ionodes.com\/fr\/wp-json\/wp\/v2\/pages\/10571\/revisions"}],"predecessor-version":[{"id":16243,"href":"https:\/\/www.ionodes.com\/fr\/wp-json\/wp\/v2\/pages\/10571\/revisions\/16243"}],"up":[{"embeddable":true,"href":"https:\/\/www.ionodes.com\/fr\/wp-json\/wp\/v2\/pages\/10557"}],"wp:featuredmedia":[{"embeddable":true,"href":"https:\/\/www.ionodes.com\/fr\/wp-json\/wp\/v2\/media\/10125"}],"wp:attachment":[{"href":"https:\/\/www.ionodes.com\/fr\/wp-json\/wp\/v2\/media?parent=10571"}],"curies":[{"name":"wp","href":"https:\/\/api.w.org\/{rel}","templated":true}]}}