{"id":10573,"date":"2022-01-16T10:12:37","date_gmt":"2022-01-16T10:12:37","guid":{"rendered":"https:\/\/staging.ionodes.com\/quoi-de-neuf\/"},"modified":"2026-03-23T20:59:23","modified_gmt":"2026-03-23T20:59:23","slug":"quoi-de-neuf","status":"publish","type":"page","link":"https:\/\/www.ionodes.com\/fr\/quoi-de-neuf\/","title":{"rendered":"Quoi de neuf"},"content":{"rendered":"<p>Restez \u00e0 jour avec nos derni\u00e8res nouvelles telles que des t\u00e9moignages de clients, notes d&rsquo;application, articles techniques et plus encore.<\/p>\n","protected":false},"excerpt":{"rendered":"<p>Restez \u00e0 jour avec nos derni\u00e8res nouvelles telles que des t\u00e9moignages de clients, notes d&rsquo;application, articles techniques et plus encore.<\/p>\n","protected":false},"author":3,"featured_media":17495,"parent":0,"menu_order":0,"comment_status":"closed","ping_status":"closed","template":"page-templates\/page-news.php","meta":{"_acf_changed":false,"footnotes":""},"class_list":["post-10573","page","type-page","status-publish","has-post-thumbnail","hentry"],"acf":[],"_links":{"self":[{"href":"https:\/\/www.ionodes.com\/fr\/wp-json\/wp\/v2\/pages\/10573","targetHints":{"allow":["GET"]}}],"collection":[{"href":"https:\/\/www.ionodes.com\/fr\/wp-json\/wp\/v2\/pages"}],"about":[{"href":"https:\/\/www.ionodes.com\/fr\/wp-json\/wp\/v2\/types\/page"}],"author":[{"embeddable":true,"href":"https:\/\/www.ionodes.com\/fr\/wp-json\/wp\/v2\/users\/3"}],"replies":[{"embeddable":true,"href":"https:\/\/www.ionodes.com\/fr\/wp-json\/wp\/v2\/comments?post=10573"}],"version-history":[{"count":1,"href":"https:\/\/www.ionodes.com\/fr\/wp-json\/wp\/v2\/pages\/10573\/revisions"}],"predecessor-version":[{"id":12323,"href":"https:\/\/www.ionodes.com\/fr\/wp-json\/wp\/v2\/pages\/10573\/revisions\/12323"}],"wp:featuredmedia":[{"embeddable":true,"href":"https:\/\/www.ionodes.com\/fr\/wp-json\/wp\/v2\/media\/17495"}],"wp:attachment":[{"href":"https:\/\/www.ionodes.com\/fr\/wp-json\/wp\/v2\/media?parent=10573"}],"curies":[{"name":"wp","href":"https:\/\/api.w.org\/{rel}","templated":true}]}}