{"id":10574,"date":"2022-03-12T06:36:40","date_gmt":"2022-03-12T06:36:40","guid":{"rendered":"https:\/\/staging.ionodes.com\/partenaires-technologiques\/genetec\/"},"modified":"2026-02-02T14:42:49","modified_gmt":"2026-02-02T14:42:49","slug":"genetec","status":"publish","type":"page","link":"https:\/\/www.ionodes.com\/fr\/partenaires-technologiques\/genetec\/","title":{"rendered":"Genetec"},"content":{"rendered":"<h3>Genetec<\/h3>\n<p>Genetec Inc. est une soci\u00e9t\u00e9 technologique innovante avec un large portefeuille de solutions qui englobe la s\u00e9curit\u00e9, l&rsquo;intelligence et les op\u00e9rations. Le produit phare de la soci\u00e9t\u00e9, Security Center, est une plate-forme \u00e0 architecture ouverte qui unifie la vid\u00e9osurveillance sur IP, le contr\u00f4le d&rsquo;acc\u00e8s, la reconnaissance automatique des plaques d&rsquo;immatriculation (RAPI), les communications et l&rsquo;analyse. Genetec d\u00e9veloppe \u00e9galement des solutions et des services bas\u00e9s sur le cloud con\u00e7us pour am\u00e9liorer la s\u00e9curit\u00e9 et apporter de nouveaux niveaux d&rsquo;intelligence op\u00e9rationnelle pour les gouvernements, les entreprises, les transports et les communaut\u00e9s dans lesquelles nous vivons.<\/p>\n<h3><\/h3>\n<h3>Stations de visionnement s\u00e9curis\u00e9es<\/h3>\n<p>Les Stations de visionnement s\u00e9curis\u00e9es sont des appareils de mur vid\u00e9o d\u00e9di\u00e9s con\u00e7us pour afficher la vid\u00e9o en direct sur des moniteurs num\u00e9riques sans le co\u00fbt, la complexit\u00e9 et le risque de s\u00e9curit\u00e9 d&rsquo;un poste de travail client. Ils peuvent \u00eatre g\u00e9r\u00e9s directement via Genetec\u2122 Security Center.<\/p>\n<p>De nombreux d\u00e9ploiements de Genetec\u2122 Security Center comportent des zones dans lesquelles il est utile de partager des vid\u00e9os en direct et des informations de s\u00e9curit\u00e9. Ces zones partagent souvent un certain nombre de caract\u00e9ristiques qui rendent difficile ou inefficace le d\u00e9ploiement d&rsquo;un poste client complet :<\/p>\n<ul>\n<li>Le personnel de la zone n&rsquo;est ni form\u00e9 ni qualifi\u00e9 pour faire fonctionner Security Center et a besoin d&rsquo;acc\u00e9der \u00e0 la vid\u00e9o en direct \u00e0 partir de zones cl\u00e9s autour de l&rsquo;installation.<\/li>\n<li>L&rsquo;alimentation de secours est test\u00e9e r\u00e9guli\u00e8rement, ce qui entra\u00eene des coupures de courant r\u00e9guli\u00e8res et br\u00e8ves. Cela peut endommager les postes de travail et les amener \u00e0 se bloquer dans le processus de red\u00e9marrage.<\/li>\n<li>Le mur vid\u00e9o se trouve dans une zone publique o\u00f9 un poste de travail poserait un risque pour la s\u00e9curit\u00e9.<\/li>\n<\/ul>\n<p>&nbsp;<\/p>\n<p>Une Station de visionnement s\u00e9curis\u00e9e peut \u00eatre mont\u00e9e \u00e0 l&rsquo;arri\u00e8re d&rsquo;un moniteur et connect\u00e9e au r\u00e9seau s\u00e9curis\u00e9. Les op\u00e9rateurs form\u00e9s de Security Center peuvent alors contr\u00f4ler quelles cam\u00e9ras sont affich\u00e9es sur chaque tuile de la configuration du mur vid\u00e9o. Security Center peut \u00e9galement envoyer automatiquement des vid\u00e9os en fonction des niveaux de menace, des horaires et des macros. Les \u00e9v\u00e9nements de contr\u00f4le d&rsquo;acc\u00e8s Synergis peuvent \u00e9galement piloter l&rsquo;affichage de la vid\u00e9o.<\/p>\n","protected":false},"excerpt":{"rendered":"<p>Genetec Genetec Inc. est une soci\u00e9t\u00e9 technologique innovante avec un large portefeuille de solutions qui englobe la s\u00e9curit\u00e9, l&rsquo;intelligence et les op\u00e9rations. Le produit phare de la soci\u00e9t\u00e9, Security Center, est une plate-forme \u00e0 architecture ouverte qui unifie la vid\u00e9osurveillance sur IP, le contr\u00f4le d&rsquo;acc\u00e8s, la reconnaissance automatique des plaques d&rsquo;immatriculation (RAPI), les communications et [&hellip;]<\/p>\n","protected":false},"author":3,"featured_media":10125,"parent":10557,"menu_order":0,"comment_status":"closed","ping_status":"closed","template":"page-templates\/page-technology-partners-detial.php","meta":{"_acf_changed":false,"footnotes":""},"class_list":["post-10574","page","type-page","status-publish","has-post-thumbnail","hentry"],"acf":[],"_links":{"self":[{"href":"https:\/\/www.ionodes.com\/fr\/wp-json\/wp\/v2\/pages\/10574","targetHints":{"allow":["GET"]}}],"collection":[{"href":"https:\/\/www.ionodes.com\/fr\/wp-json\/wp\/v2\/pages"}],"about":[{"href":"https:\/\/www.ionodes.com\/fr\/wp-json\/wp\/v2\/types\/page"}],"author":[{"embeddable":true,"href":"https:\/\/www.ionodes.com\/fr\/wp-json\/wp\/v2\/users\/3"}],"replies":[{"embeddable":true,"href":"https:\/\/www.ionodes.com\/fr\/wp-json\/wp\/v2\/comments?post=10574"}],"version-history":[{"count":8,"href":"https:\/\/www.ionodes.com\/fr\/wp-json\/wp\/v2\/pages\/10574\/revisions"}],"predecessor-version":[{"id":17392,"href":"https:\/\/www.ionodes.com\/fr\/wp-json\/wp\/v2\/pages\/10574\/revisions\/17392"}],"up":[{"embeddable":true,"href":"https:\/\/www.ionodes.com\/fr\/wp-json\/wp\/v2\/pages\/10557"}],"wp:featuredmedia":[{"embeddable":true,"href":"https:\/\/www.ionodes.com\/fr\/wp-json\/wp\/v2\/media\/10125"}],"wp:attachment":[{"href":"https:\/\/www.ionodes.com\/fr\/wp-json\/wp\/v2\/media?parent=10574"}],"curies":[{"name":"wp","href":"https:\/\/api.w.org\/{rel}","templated":true}]}}