{"id":10583,"date":"2022-02-01T08:40:21","date_gmt":"2022-02-01T08:40:21","guid":{"rendered":"https:\/\/staging.ionodes.com\/formulaire-de-candidature-au-programme-partenariat-solutions\/"},"modified":"2022-02-01T08:40:21","modified_gmt":"2022-02-01T08:40:21","slug":"formulaire-de-candidature-au-programme-partenariat-solutions","status":"publish","type":"page","link":"https:\/\/www.ionodes.com\/fr\/formulaire-de-candidature-au-programme-partenariat-solutions\/","title":{"rendered":"Formulaire de candidature au Programme Partenariat Solutions"},"content":{"rendered":"<p>Les int\u00e9grateurs de syst\u00e8mes du Programme Partenariat Solutions (ISPPS) sont des organisations s\u00e9lectionn\u00e9es, form\u00e9es et certifi\u00e9es, qui con\u00e7oivent, d\u00e9ploient et mettent en \u0153uvre des solutions vid\u00e9o IP de classe entreprise destin\u00e9es aux clients cherchant \u00e0 optimiser les performances et la fiabilit\u00e9 de leur infrastructure vid\u00e9o IP. Pour plus d&rsquo;informations, rendez-vous sur la page du programme.<\/p>\n","protected":false},"excerpt":{"rendered":"<p>Les int\u00e9grateurs de syst\u00e8mes du Programme Partenariat Solutions (ISPPS) sont des organisations s\u00e9lectionn\u00e9es, form\u00e9es et certifi\u00e9es, qui con\u00e7oivent, d\u00e9ploient et mettent en \u0153uvre des solutions vid\u00e9o IP de classe entreprise destin\u00e9es aux clients cherchant \u00e0 optimiser les performances et la fiabilit\u00e9 de leur infrastructure vid\u00e9o IP. Pour plus d&rsquo;informations, rendez-vous sur la page du programme.<\/p>\n","protected":false},"author":3,"featured_media":0,"parent":0,"menu_order":0,"comment_status":"closed","ping_status":"closed","template":"page-templates\/page-application-form.php","meta":{"_acf_changed":false,"footnotes":""},"class_list":["post-10583","page","type-page","status-publish","hentry"],"acf":[],"_links":{"self":[{"href":"https:\/\/www.ionodes.com\/fr\/wp-json\/wp\/v2\/pages\/10583","targetHints":{"allow":["GET"]}}],"collection":[{"href":"https:\/\/www.ionodes.com\/fr\/wp-json\/wp\/v2\/pages"}],"about":[{"href":"https:\/\/www.ionodes.com\/fr\/wp-json\/wp\/v2\/types\/page"}],"author":[{"embeddable":true,"href":"https:\/\/www.ionodes.com\/fr\/wp-json\/wp\/v2\/users\/3"}],"replies":[{"embeddable":true,"href":"https:\/\/www.ionodes.com\/fr\/wp-json\/wp\/v2\/comments?post=10583"}],"version-history":[{"count":0,"href":"https:\/\/www.ionodes.com\/fr\/wp-json\/wp\/v2\/pages\/10583\/revisions"}],"wp:attachment":[{"href":"https:\/\/www.ionodes.com\/fr\/wp-json\/wp\/v2\/media?parent=10583"}],"curies":[{"name":"wp","href":"https:\/\/api.w.org\/{rel}","templated":true}]}}