{"id":10780,"date":"2022-03-12T11:54:03","date_gmt":"2022-03-12T11:54:03","guid":{"rendered":"https:\/\/staging.ionodes.com\/?page_id=10780"},"modified":"2023-03-30T19:08:10","modified_gmt":"2023-03-30T19:08:10","slug":"cookie-policy","status":"publish","type":"page","link":"https:\/\/www.ionodes.com\/fr\/cookie-policy\/","title":{"rendered":"Cookie Policy"},"content":{"rendered":"<p><strong>Pourquoi utilisons-nous des cookies ?<\/strong><\/p>\n<p>Pour une entreprise comme la n\u00f4tre, les cookies sont tr\u00e8s utiles. En les utilisant, nous pouvons avoir un aper\u00e7u du comportement de navigation des visiteurs. Si nous savons ce que la plupart des gens recherchent sur le site Web, nous savons quelles am\u00e9liorations sont n\u00e9cessaires pour rendre notre site Web plus convivial. Il existe \u00e9galement des cookies que nous ne pouvons pas \u00e9viter d&rsquo;utiliser. Sans ces cookies, notre site Web ne fonctionnerait pas correctement.<\/p>\n<p><strong>Quels cookies utilisons-nous ?<\/strong><\/p>\n<p><em>Cookies fonctionnels<\/em><br \/>\nLes cookies fonctionnels sont ceux qui sont essentiels au fonctionnement du site Web. Nous utilisons ce type de cookies pour faciliter les fonctions de connexion. Nous les utilisons \u00e9galement pour le partage social (LinkedIn, Twitter), et les vid\u00e9os YouTube int\u00e9gr\u00e9es contiennent des cookies pour leurs propres analyses vid\u00e9o.<\/p>\n<p><em>Cookies de suivi<\/em><br \/>\nLes cookies de suivi sont des cookies que nous utilisons pour analyser le comportement de navigation de nos visiteurs.<\/p>\n","protected":false},"excerpt":{"rendered":"<p>Pourquoi utilisons-nous des cookies ? Pour une entreprise comme la n\u00f4tre, les cookies sont tr\u00e8s utiles. En les utilisant, nous pouvons avoir un aper\u00e7u du comportement de navigation des visiteurs. Si nous savons ce que la plupart des gens recherchent sur le site Web, nous savons quelles am\u00e9liorations sont n\u00e9cessaires pour rendre notre site Web [&hellip;]<\/p>\n","protected":false},"author":3,"featured_media":0,"parent":0,"menu_order":0,"comment_status":"closed","ping_status":"closed","template":"","meta":{"_acf_changed":false,"footnotes":""},"class_list":["post-10780","page","type-page","status-publish","hentry"],"acf":[],"_links":{"self":[{"href":"https:\/\/www.ionodes.com\/fr\/wp-json\/wp\/v2\/pages\/10780","targetHints":{"allow":["GET"]}}],"collection":[{"href":"https:\/\/www.ionodes.com\/fr\/wp-json\/wp\/v2\/pages"}],"about":[{"href":"https:\/\/www.ionodes.com\/fr\/wp-json\/wp\/v2\/types\/page"}],"author":[{"embeddable":true,"href":"https:\/\/www.ionodes.com\/fr\/wp-json\/wp\/v2\/users\/3"}],"replies":[{"embeddable":true,"href":"https:\/\/www.ionodes.com\/fr\/wp-json\/wp\/v2\/comments?post=10780"}],"version-history":[{"count":2,"href":"https:\/\/www.ionodes.com\/fr\/wp-json\/wp\/v2\/pages\/10780\/revisions"}],"predecessor-version":[{"id":10782,"href":"https:\/\/www.ionodes.com\/fr\/wp-json\/wp\/v2\/pages\/10780\/revisions\/10782"}],"wp:attachment":[{"href":"https:\/\/www.ionodes.com\/fr\/wp-json\/wp\/v2\/media?parent=10780"}],"curies":[{"name":"wp","href":"https:\/\/api.w.org\/{rel}","templated":true}]}}