{"id":13004,"date":"2024-05-22T20:14:09","date_gmt":"2024-05-22T20:14:09","guid":{"rendered":"https:\/\/www.ionodes.com\/?page_id=13004"},"modified":"2026-02-06T18:49:30","modified_gmt":"2026-02-06T18:49:30","slug":"percept-cloud","status":"publish","type":"page","link":"https:\/\/www.ionodes.com\/fr\/produits\/percept-cloud\/","title":{"rendered":"PERCEPT Cloud"},"content":{"rendered":"<div>PERCEPT Cloud est une Plateforme d\u2019op\u00e9rations vid\u00e9o en temps r\u00e9el et une solution performante de gestion d\u2019appareils IoT, con\u00e7ue pour vous aider \u00e0 g\u00e9rer de fa\u00e7on centralis\u00e9e votre parc d\u2019appareils vid\u00e9o IONODES. PERCEPT Cloud vous permet d&rsquo;acc\u00e9der facilement \u00e0 distance \u00e0 des fonctions telles que la diffusion vid\u00e9o en direct \u00e0 la demande, la localisation en temps r\u00e9el des appareils, les mises \u00e0 jour logicielles centralis\u00e9es, la surveillance de l&rsquo;\u00e9tat de sant\u00e9 et la configuration des appareils.<\/div>\n","protected":false},"excerpt":{"rendered":"<p>PERCEPT Cloud est une Plateforme d\u2019op\u00e9rations vid\u00e9o en temps r\u00e9el et une solution performante de gestion d\u2019appareils IoT, con\u00e7ue pour vous aider \u00e0 g\u00e9rer de fa\u00e7on centralis\u00e9e votre parc d\u2019appareils vid\u00e9o IONODES. PERCEPT Cloud vous permet d&rsquo;acc\u00e9der facilement \u00e0 distance \u00e0 des fonctions telles que la diffusion vid\u00e9o en direct \u00e0 la demande, la localisation [&hellip;]<\/p>\n","protected":false},"author":6,"featured_media":12911,"parent":10570,"menu_order":0,"comment_status":"closed","ping_status":"closed","template":"page-templates\/page-percept.php","meta":{"_acf_changed":false,"footnotes":""},"class_list":["post-13004","page","type-page","status-publish","has-post-thumbnail","hentry"],"acf":[],"_links":{"self":[{"href":"https:\/\/www.ionodes.com\/fr\/wp-json\/wp\/v2\/pages\/13004","targetHints":{"allow":["GET"]}}],"collection":[{"href":"https:\/\/www.ionodes.com\/fr\/wp-json\/wp\/v2\/pages"}],"about":[{"href":"https:\/\/www.ionodes.com\/fr\/wp-json\/wp\/v2\/types\/page"}],"author":[{"embeddable":true,"href":"https:\/\/www.ionodes.com\/fr\/wp-json\/wp\/v2\/users\/6"}],"replies":[{"embeddable":true,"href":"https:\/\/www.ionodes.com\/fr\/wp-json\/wp\/v2\/comments?post=13004"}],"version-history":[{"count":35,"href":"https:\/\/www.ionodes.com\/fr\/wp-json\/wp\/v2\/pages\/13004\/revisions"}],"predecessor-version":[{"id":16619,"href":"https:\/\/www.ionodes.com\/fr\/wp-json\/wp\/v2\/pages\/13004\/revisions\/16619"}],"up":[{"embeddable":true,"href":"https:\/\/www.ionodes.com\/fr\/wp-json\/wp\/v2\/pages\/10570"}],"wp:featuredmedia":[{"embeddable":true,"href":"https:\/\/www.ionodes.com\/fr\/wp-json\/wp\/v2\/media\/12911"}],"wp:attachment":[{"href":"https:\/\/www.ionodes.com\/fr\/wp-json\/wp\/v2\/media?parent=13004"}],"curies":[{"name":"wp","href":"https:\/\/api.w.org\/{rel}","templated":true}]}}