{"id":14358,"date":"2025-02-10T20:02:14","date_gmt":"2025-02-10T20:02:14","guid":{"rendered":"https:\/\/www.ionodes.com\/?page_id=14358"},"modified":"2025-08-12T17:46:22","modified_gmt":"2025-08-12T17:46:22","slug":"integrez-votre-svs-a-percept-cloud","status":"publish","type":"page","link":"https:\/\/www.ionodes.com\/fr\/integrez-votre-svs-a-percept-cloud\/","title":{"rendered":"Int\u00e9grez votre Station de visionnement s\u00e9curis\u00e9e \u00e0 PERCEPT Cloud en toute simplicit\u00e9 !<br>"},"content":{"rendered":"<h4><span style=\"color: #0a7890;\">Ajouter une Station de visionnement s\u00e9curis\u00e9e \u00e0 PERCEPT Cloud<\/span><\/h4>\n<p style=\"text-align: left;\">Veuillez suivre les \u00e9tapes ci-dessous pour ajouter votre Station de visionnement s\u00e9curis\u00e9e (SVS) \u00e0 PERCEPT Cloud.<\/p>\n<h4 style=\"text-align: left;\"><span style=\"color: #0a7890;\"><strong>Conditions pr\u00e9alables<\/strong><\/span><\/h4>\n<p style=\"text-align: left;\">\u2022 Vous aurez besoin d&rsquo;un ordinateur qui peut acc\u00e9der \u00e0 la fois \u00e0 l&rsquo;interface web de la SVS et \u00e0 PERCEPT Cloud.<br \/>\n\u2022 Vous devez vous assurer que la SVS dispose d&rsquo;une connexion Internet active pour communiquer avec les services PERCEPT Cloud.<br \/>\n\u2022 Assurez-vous que tout pare-feu est configur\u00e9 pour permettre \u00e0 la SVS d&rsquo;acc\u00e9der \u00e0 PERCEPT Cloud. Se r\u00e9f\u00e9rer \u00e0 l&rsquo;annexe 1 pour les exigences. <\/p>\n<h4 style=\"text-align: left;\"><span style=\"color: #0a7890;\"><strong>Configurer votre SVS pour l&rsquo;int\u00e9gration de PERCEPT Cloud<\/strong><\/span><\/h4>\n<p><img loading=\"lazy\" decoding=\"async\" class=\"aligncenter size-full wp-image-15033\" src=\"https:\/\/www.ionodes.com\/wp-content\/uploads\/2025\/05\/EnableIotCloud.png\" alt=\"\" width=\"1186\" height=\"377\" srcset=\"https:\/\/www.ionodes.com\/wp-content\/uploads\/2025\/05\/EnableIotCloud.png 1186w, https:\/\/www.ionodes.com\/wp-content\/uploads\/2025\/05\/EnableIotCloud-500x159.png 500w, https:\/\/www.ionodes.com\/wp-content\/uploads\/2025\/05\/EnableIotCloud-768x244.png 768w\" sizes=\"auto, (max-width: 1186px) 100vw, 1186px\" \/><\/p>\n<p>1. Connectez-vous \u00e0 l&rsquo;interface web de la SVS et ouvrez la page \u00ab <strong>Configuration <\/strong>\u00bb<\/p>\n<p>2. S\u00e9lectionnez l&rsquo;onglet \u00ab <strong>Integrations<\/strong> \u00bb<\/p>\n<p>3. Cochez la case \u00ab <strong>Enable PERCEPT IoT Cloud <\/strong>\u00bb<\/p>\n<p>4. <strong>Sauvegardez <\/strong>ce changement de configuration<\/p>\n<p>5. Cliquez sur \u00ab <strong>Show Configuration Code<\/strong> \u00bb<\/p>\n<p><img loading=\"lazy\" decoding=\"async\" class=\"aligncenter size-full wp-image-14215\" src=\"https:\/\/www.ionodes.com\/wp-content\/uploads\/2025\/02\/Adding-Secure-Display-Station-to-PERCEPT-Cloud-02.png\" alt=\"\" width=\"746\" height=\"560\" srcset=\"https:\/\/www.ionodes.com\/wp-content\/uploads\/2025\/02\/Adding-Secure-Display-Station-to-PERCEPT-Cloud-02.png 746w, https:\/\/www.ionodes.com\/wp-content\/uploads\/2025\/02\/Adding-Secure-Display-Station-to-PERCEPT-Cloud-02-500x375.png 500w\" sizes=\"auto, (max-width: 746px) 100vw, 746px\" \/><\/p>\n<p>6. Cliquez sur \u00ab <strong>Copy Configuration String <\/strong>\u00bb<\/p>\n<p>&nbsp;<\/p>\n<h4><span style=\"color: #0a7890;\"><strong>Int\u00e9grez votre SVS dans PERCEPT Cloud<\/strong><\/span><\/h4>\n<p>Connectez-vous \u00e0 PERCEPT Cloud. Si vous n&rsquo;avez pas un compte PERCEPT Cloud, cr\u00e9ez-en un au <a href=\"http:\/\/perceptcloud.io\" target=\"_blank\" rel=\"noopener\">perceptcloud.io<\/a> avant de poursuivre les \u00e9tapes. <\/p>\n<p><img loading=\"lazy\" decoding=\"async\" class=\"aligncenter size-full wp-image-14217\" src=\"https:\/\/www.ionodes.com\/wp-content\/uploads\/2025\/02\/Adding-Secure-Display-Station-to-PERCEPT-Cloud-03.png\" alt=\"\" width=\"700\" height=\"457\" srcset=\"https:\/\/www.ionodes.com\/wp-content\/uploads\/2025\/02\/Adding-Secure-Display-Station-to-PERCEPT-Cloud-03.png 700w, https:\/\/www.ionodes.com\/wp-content\/uploads\/2025\/02\/Adding-Secure-Display-Station-to-PERCEPT-Cloud-03-500x326.png 500w\" sizes=\"auto, (max-width: 700px) 100vw, 700px\" \/><\/p>\n<p>1.Dans la section \u00ab <strong>Devices Overview<\/strong> \u00bb de votre organisation, cliquez sur \u00ab <strong>Add <\/strong>\u00bb<\/p>\n<p>2. Dans la bo\u00eete \u00ab\u00a0<strong>Add Devices<\/strong>\u00ab\u00a0, collez la cha\u00eene de configuration que vous avez copi\u00e9e \u00e0 partir de l&rsquo;interface Web de la SVS.<\/p>\n<p><img loading=\"lazy\" decoding=\"async\" class=\"aligncenter size-full wp-image-14219\" src=\"https:\/\/www.ionodes.com\/wp-content\/uploads\/2025\/02\/Adding-Secure-Display-Station-to-PERCEPT-Cloud-04.png\" alt=\"\" width=\"538\" height=\"249\" srcset=\"https:\/\/www.ionodes.com\/wp-content\/uploads\/2025\/02\/Adding-Secure-Display-Station-to-PERCEPT-Cloud-04.png 538w, https:\/\/www.ionodes.com\/wp-content\/uploads\/2025\/02\/Adding-Secure-Display-Station-to-PERCEPT-Cloud-04-500x231.png 500w\" sizes=\"auto, (max-width: 538px) 100vw, 538px\" \/><\/p>\n<p>3. Vous pouvez modifier le \u00ab <strong>Display Name<\/strong> \u00bb g\u00e9n\u00e9r\u00e9 automatiquement \u00e0 l&rsquo;aide de l&rsquo;ic\u00f4ne d&rsquo;\u00e9dition pour donner un nom plus significatif \u00e0 l&rsquo;appareil..<\/p>\n<p>4. R\u00e9p\u00e9tez les \u00e9tapes 1 \u00e0 3 si vous avez plus d&rsquo;une SVS \u00e0 ajouter dans PERCEPT Cloud. Cliquez sur \u00ab <strong>Add device <\/strong>\u00bb une fois que vous avez saisi tous vos appareils. <\/p>\n<p><img loading=\"lazy\" decoding=\"async\" class=\"aligncenter size-full wp-image-14221\" src=\"https:\/\/www.ionodes.com\/wp-content\/uploads\/2025\/02\/Adding-Secure-Display-Station-to-PERCEPT-Cloud-05.png\" alt=\"\" width=\"600\" height=\"167\" srcset=\"https:\/\/www.ionodes.com\/wp-content\/uploads\/2025\/02\/Adding-Secure-Display-Station-to-PERCEPT-Cloud-05.png 600w, https:\/\/www.ionodes.com\/wp-content\/uploads\/2025\/02\/Adding-Secure-Display-Station-to-PERCEPT-Cloud-05-500x139.png 500w\" sizes=\"auto, (max-width: 600px) 100vw, 600px\" \/><\/p>\n<p>5. Une bo\u00eete de dialogue de confirmation indique que les SVS ont \u00e9t\u00e9 ajout\u00e9s avec succ\u00e8s. Vous pouvez <strong>fermer<\/strong> cette bo\u00eete de dialogue. <\/p>\n<p>6. Notez que les SVS peuvent prendre quelques minutes pour terminer leur connexion initiale \u00e0 PERCEPT Cloud avant que vous puissiez interagir avec eux.<\/p>\n<p>&nbsp;<\/p>\n<h4><span style=\"color: #0a7890;\"><strong>Annexe 1<\/strong><\/span><\/h4>\n<p>Les URL suivantes doivent \u00eatre autoris\u00e9es par votre r\u00e9seau pour que la SVS puisse communiquer avec PERCEPT Cloud. Bien que la plupart des r\u00e9seaux autorisent par d\u00e9faut les connexions sortantes, certains peuvent n\u00e9cessiter une configuration sp\u00e9ciale. En cas de doute, contactez votre service informatique. <\/p>\n<table style=\"border: 1px solid black; border-collapse: collapse;\">\n<tbody>\n<tr style=\"border: 1px solid black; border-collapse: collapse;\">\n<th style=\"border: 1px solid black; border-collapse: collapse;\">URL<\/th>\n<th>Usage<\/th>\n<\/tr>\n<tr style=\"border: 1px solid black; border-collapse: collapse;\">\n<td style=\"border: 1px solid black; border-collapse: collapse;\">msftconnecttest.com\n<\/td>\n<td style=\"border: 1px solid black; border-collapse: collapse;\">Il s&rsquo;agit d&rsquo;un test URL standard de Microsoft permettant de d\u00e9tecter quelle(s) interface(s) r\u00e9seau dispose(nt) d&rsquo;un acc\u00e8s \u00e0 l&rsquo;internet.<\/td>\n<\/tr>\n<tr style=\"border: 1px solid black; border-collapse: collapse;\">\n<td style=\"border: 1px solid black; border-collapse: collapse;\">global-device-provisioning.api.east-us.perceptcloud.net\n<\/td>\n<td style=\"border: 1px solid black; border-collapse: collapse;\">Communication entre SVS et PERCEPT Cloud.<\/td>\n<\/tr>\n<tr style=\"border: 1px solid black; border-collapse: collapse;\">\n<td style=\"border: 1px solid black; border-collapse: collapse;\">prod-east-us-iot-hub.azure-devices.net<\/td>\n<td style=\"border: 1px solid black; border-collapse: collapse;\">Communication entre SVS et PERCEPT Cloud.<\/td>\n<\/tr>\n<tr style=\"border: 1px solid black; border-collapse: collapse;\">\n<td style=\"border: 1px solid black; border-collapse: collapse;\">prod-east-us-iot-hub-dps.azure-devices-provisioning.net<\/td>\n<td>Communication entre SVS et PERCEPT Cloud.<\/td>\n<\/tr>\n<tr style=\"border: 1px solid black; border-collapse: collapse;\">\n<td style=\"border: 1px solid black; border-collapse: collapse;\">global.azure-devices-provisioning.net<\/td>\n<td style=\"border: 1px solid black; border-collapse: collapse;\">Communication entre SVS et PERCEPT Cloud.<\/td>\n<\/tr>\n<tr style=\"border: 1px solid black; border-collapse: collapse;\">\n<td style=\"border: 1px solid black; border-collapse: collapse;\">perceptprodeastus.blob.core.windows.net<\/td>\n<td style=\"border: 1px solid black; border-collapse: collapse;\">Utilis\u00e9 pour transf\u00e9rer des micrologiciel \/ fichiers sysinfo entre PERCEPT Cloud et le SVS.<\/td>\n<\/tr>\n<tr style=\"border: 1px solid black; border-collapse: collapse;\">\n<td style=\"border: 1px solid black; border-collapse: collapse;\">prodgleastus.blob.core.windows.net<\/td>\n<td style=\"border: 1px solid black; border-collapse: collapse;\">Utilis\u00e9 pour transf\u00e9rer des micrologiciel\/ fichiers sysinfo entre PERCEPT Cloud et le SVS.<\/td>\n<\/tr>\n<tr style=\"border: 1px solid black; border-collapse: collapse;\">\n<td style=\"border: 1px solid black; border-collapse: collapse;\">*.argotunnel.com<\/td>\n<td style=\"border: 1px solid black; border-collapse: collapse;\">Permet un acc\u00e8s HTTP \u00e0 distance \u00e0 la SVS.<\/td>\n<\/tr>\n<\/tbody>\n<\/table>\n","protected":false},"excerpt":{"rendered":"<p>Ajouter une Station de visionnement s\u00e9curis\u00e9e \u00e0 PERCEPT Cloud Veuillez suivre les \u00e9tapes ci-dessous pour ajouter votre Station de visionnement s\u00e9curis\u00e9e (SVS) \u00e0 PERCEPT Cloud. Conditions pr\u00e9alables \u2022 Vous aurez besoin d&rsquo;un ordinateur qui peut acc\u00e9der \u00e0 la fois \u00e0 l&rsquo;interface web de la SVS et \u00e0 PERCEPT Cloud. \u2022 Vous devez vous assurer que [&hellip;]<\/p>\n","protected":false},"author":3,"featured_media":0,"parent":0,"menu_order":0,"comment_status":"closed","ping_status":"closed","template":"","meta":{"_acf_changed":false,"footnotes":""},"class_list":["post-14358","page","type-page","status-publish","hentry"],"acf":[],"_links":{"self":[{"href":"https:\/\/www.ionodes.com\/fr\/wp-json\/wp\/v2\/pages\/14358","targetHints":{"allow":["GET"]}}],"collection":[{"href":"https:\/\/www.ionodes.com\/fr\/wp-json\/wp\/v2\/pages"}],"about":[{"href":"https:\/\/www.ionodes.com\/fr\/wp-json\/wp\/v2\/types\/page"}],"author":[{"embeddable":true,"href":"https:\/\/www.ionodes.com\/fr\/wp-json\/wp\/v2\/users\/3"}],"replies":[{"embeddable":true,"href":"https:\/\/www.ionodes.com\/fr\/wp-json\/wp\/v2\/comments?post=14358"}],"version-history":[{"count":25,"href":"https:\/\/www.ionodes.com\/fr\/wp-json\/wp\/v2\/pages\/14358\/revisions"}],"predecessor-version":[{"id":15046,"href":"https:\/\/www.ionodes.com\/fr\/wp-json\/wp\/v2\/pages\/14358\/revisions\/15046"}],"wp:attachment":[{"href":"https:\/\/www.ionodes.com\/fr\/wp-json\/wp\/v2\/media?parent=14358"}],"curies":[{"name":"wp","href":"https:\/\/api.w.org\/{rel}","templated":true}]}}