{"id":15288,"date":"2025-06-23T17:36:25","date_gmt":"2025-06-23T17:36:25","guid":{"rendered":"https:\/\/www.ionodes.com\/?page_id=15288"},"modified":"2025-10-07T20:15:28","modified_gmt":"2025-10-07T20:15:28","slug":"march-networks","status":"publish","type":"page","link":"https:\/\/www.ionodes.com\/fr\/partenaires-technologiques\/march-networks\/","title":{"rendered":"March Networks"},"content":{"rendered":"<h3>March Networks<\/h3>\n<p>March Networks\u00ae est un leader mondial en s\u00e9curit\u00e9 vid\u00e9o et en analytique de donn\u00e9es, aidant les organisations \u00e0 am\u00e9liorer leur efficacit\u00e9 op\u00e9rationnelle, leur s\u00e9curit\u00e9 et leur rentabilit\u00e9. Leurs solutions intelligentes int\u00e8grent de mani\u00e8re fluide l\u2019analytique IA, les syst\u00e8mes de point de vente (POS), les dispositifs IoT et d\u2019autres technologies. March Networks propose des solutions s\u00e9curis\u00e9es et \u00e9volutives gr\u00e2ce \u00e0 un r\u00e9seau mondial de partenaires de confiance.  <\/p>\n<h3>Cam\u00e9ra d&rsquo;intervention PERCEPT<\/h3>\n<p>La <a href=\"https:\/\/www.ionodes.com\/fr\/produits\/camera-corporelle-percept\/\" target=\"_blank\" rel=\"noopener\">Cam\u00e9ra d&rsquo;intervention PERCEPT<\/a> est une solution IoT compl\u00e8te et bout en bout con\u00e7ue pour une grande vari\u00e9t\u00e9 d\u2019applications dans de nombreux secteurs d\u2019activit\u00e9. Dot\u00e9e de la connectivit\u00e9 4G LTE et Wi-Fi ainsi que d\u2019une capture vid\u00e9o 4K \u00e0 180\u00b0, cette solution ouverte est id\u00e9ale pour les organisations ayant besoin de surveillance et d\u2019enregistrement en temps r\u00e9el \u00e0 partir de cam\u00e9ras port\u00e9es sur le corps. En int\u00e9grant les cam\u00e9ras d&rsquo;intervention PERCEPT \u00e0 votre d\u00e9ploiement existant du syst\u00e8me March Networks Command, vous b\u00e9n\u00e9ficiez d\u2019une solution vid\u00e9o centralis\u00e9e qui int\u00e8gre de mani\u00e8re fluide les \u00e9v\u00e9nements vid\u00e9o mobiles \u00e0 vos processus globaux de s\u00e9curit\u00e9.  <\/p>\n<h3>Application<\/h3>\n<p>La solution de Cam\u00e9ra d\u2019intervention PERCEPT est con\u00e7ue pour une utilisation commerciale et d&rsquo;entreprise sur divers march\u00e9s et applications, y compris la finance, la vente au d\u00e9tail, le gouvernement, la s\u00e9curit\u00e9 publique, l&rsquo;\u00e9ducation et plus encore. Les cas d\u2019utilisation incluent la s\u00e9curit\u00e9 du personnel, la d\u00e9claration d\u2019incidents, le suivi des ressources et des actifs, le suivi de l\u2019efficacit\u00e9, l\u2019assistance \u00e0 distance en direct, la formation, l\u2019optimisation des services et la pr\u00e9vention du vol.<\/p>\n<h6><strong>Ressources en ligne<\/strong><\/h6>\n<p><a href=\"https:\/\/www.marchnetworks.com\/products\/integrations\/other-solutions\/ionodes\/\" target=\"_blank\" rel=\"noopener\">Visitez la page d&rsquo;int\u00e9gration de IONODES sur le site web de March Networks\u00ae.<\/a><\/p>\n","protected":false},"excerpt":{"rendered":"<p>March Networks March Networks\u00ae est un leader mondial en s\u00e9curit\u00e9 vid\u00e9o et en analytique de donn\u00e9es, aidant les organisations \u00e0 am\u00e9liorer leur efficacit\u00e9 op\u00e9rationnelle, leur s\u00e9curit\u00e9 et leur rentabilit\u00e9. Leurs solutions intelligentes int\u00e8grent de mani\u00e8re fluide l\u2019analytique IA, les syst\u00e8mes de point de vente (POS), les dispositifs IoT et d\u2019autres technologies. March Networks propose des [&hellip;]<\/p>\n","protected":false},"author":6,"featured_media":10125,"parent":10557,"menu_order":0,"comment_status":"closed","ping_status":"closed","template":"page-templates\/page-technology-partners-detial.php","meta":{"_acf_changed":false,"footnotes":""},"class_list":["post-15288","page","type-page","status-publish","has-post-thumbnail","hentry"],"acf":[],"_links":{"self":[{"href":"https:\/\/www.ionodes.com\/fr\/wp-json\/wp\/v2\/pages\/15288","targetHints":{"allow":["GET"]}}],"collection":[{"href":"https:\/\/www.ionodes.com\/fr\/wp-json\/wp\/v2\/pages"}],"about":[{"href":"https:\/\/www.ionodes.com\/fr\/wp-json\/wp\/v2\/types\/page"}],"author":[{"embeddable":true,"href":"https:\/\/www.ionodes.com\/fr\/wp-json\/wp\/v2\/users\/6"}],"replies":[{"embeddable":true,"href":"https:\/\/www.ionodes.com\/fr\/wp-json\/wp\/v2\/comments?post=15288"}],"version-history":[{"count":10,"href":"https:\/\/www.ionodes.com\/fr\/wp-json\/wp\/v2\/pages\/15288\/revisions"}],"predecessor-version":[{"id":16241,"href":"https:\/\/www.ionodes.com\/fr\/wp-json\/wp\/v2\/pages\/15288\/revisions\/16241"}],"up":[{"embeddable":true,"href":"https:\/\/www.ionodes.com\/fr\/wp-json\/wp\/v2\/pages\/10557"}],"wp:featuredmedia":[{"embeddable":true,"href":"https:\/\/www.ionodes.com\/fr\/wp-json\/wp\/v2\/media\/10125"}],"wp:attachment":[{"href":"https:\/\/www.ionodes.com\/fr\/wp-json\/wp\/v2\/media?parent=15288"}],"curies":[{"name":"wp","href":"https:\/\/api.w.org\/{rel}","templated":true}]}}