{"id":15855,"date":"2025-02-04T14:20:20","date_gmt":"2025-02-04T14:20:20","guid":{"rendered":"https:\/\/www.ionodes.com\/?page_id=15855"},"modified":"2026-02-10T16:30:14","modified_gmt":"2026-02-10T16:30:14","slug":"commerce-de-detail-plus-sur","status":"publish","type":"page","link":"https:\/\/www.ionodes.com\/fr\/commerce-de-detail-plus-sur\/","title":{"rendered":"Environnements de vente au d\u00e9tail plus s\u00e9curitaires"},"content":{"rendered":"<p>Nous offrons des solutions de vid\u00e9o s\u00e9curit\u00e9 pour le commerce de d\u00e9tail, \u00e0 plateforme ouverte et interop\u00e9rables, qui am\u00e9liorent la s\u00e9curit\u00e9, dissuadent le vol et prot\u00e8gent les actifs. Nos produits fiables et polyvalents offrent la connaissance situationnelle n\u00e9cessaire pour g\u00e9rer des risques tels que la d\u00e9marque inconnue et la criminalit\u00e9 dans le commerce de d\u00e9tail, tout en soutenant \u00e0 la fois la pr\u00e9vention des pertes et l\u2019efficacit\u00e9 op\u00e9rationnelle. <\/p>\n","protected":false},"excerpt":{"rendered":"<p>Nous offrons des solutions de vid\u00e9o s\u00e9curit\u00e9 pour le commerce de d\u00e9tail, \u00e0 plateforme ouverte et interop\u00e9rables, qui am\u00e9liorent la s\u00e9curit\u00e9, dissuadent le vol et prot\u00e8gent les actifs. Nos produits fiables et polyvalents offrent la connaissance situationnelle n\u00e9cessaire pour g\u00e9rer des risques tels que la d\u00e9marque inconnue et la criminalit\u00e9 dans le commerce de d\u00e9tail, [&hellip;]<\/p>\n","protected":false},"author":6,"featured_media":15222,"parent":0,"menu_order":0,"comment_status":"closed","ping_status":"closed","template":"page-templates\/page-industry.php","meta":{"_acf_changed":false,"footnotes":""},"class_list":["post-15855","page","type-page","status-publish","has-post-thumbnail","hentry"],"acf":[],"_links":{"self":[{"href":"https:\/\/www.ionodes.com\/fr\/wp-json\/wp\/v2\/pages\/15855","targetHints":{"allow":["GET"]}}],"collection":[{"href":"https:\/\/www.ionodes.com\/fr\/wp-json\/wp\/v2\/pages"}],"about":[{"href":"https:\/\/www.ionodes.com\/fr\/wp-json\/wp\/v2\/types\/page"}],"author":[{"embeddable":true,"href":"https:\/\/www.ionodes.com\/fr\/wp-json\/wp\/v2\/users\/6"}],"replies":[{"embeddable":true,"href":"https:\/\/www.ionodes.com\/fr\/wp-json\/wp\/v2\/comments?post=15855"}],"version-history":[{"count":7,"href":"https:\/\/www.ionodes.com\/fr\/wp-json\/wp\/v2\/pages\/15855\/revisions"}],"predecessor-version":[{"id":17426,"href":"https:\/\/www.ionodes.com\/fr\/wp-json\/wp\/v2\/pages\/15855\/revisions\/17426"}],"wp:featuredmedia":[{"embeddable":true,"href":"https:\/\/www.ionodes.com\/fr\/wp-json\/wp\/v2\/media\/15222"}],"wp:attachment":[{"href":"https:\/\/www.ionodes.com\/fr\/wp-json\/wp\/v2\/media?parent=15855"}],"curies":[{"name":"wp","href":"https:\/\/api.w.org\/{rel}","templated":true}]}}