{"id":15861,"date":"2025-04-23T12:48:12","date_gmt":"2025-04-23T12:48:12","guid":{"rendered":"https:\/\/www.ionodes.com\/?page_id=15861"},"modified":"2025-08-26T17:12:42","modified_gmt":"2025-08-26T17:12:42","slug":"video-en-temps-reel-pour-la-securite-publique","status":"publish","type":"page","link":"https:\/\/www.ionodes.com\/fr\/video-en-temps-reel-pour-la-securite-publique\/","title":{"rendered":"Solutions vid\u00e9o pour la s\u00e9curit\u00e9 publique"},"content":{"rendered":"<p>Nous offrons des solutions vid\u00e9o \u00e9volutives pour la s\u00e9curit\u00e9 publique, int\u00e9gr\u00e9es \u00e0 votre infrastructure et con\u00e7ues pour offrir une meilleure visibilit\u00e9 et am\u00e9liorer la connaissance situationnelle.<\/p>\n","protected":false},"excerpt":{"rendered":"<p>Nous offrons des solutions vid\u00e9o \u00e9volutives pour la s\u00e9curit\u00e9 publique, int\u00e9gr\u00e9es \u00e0 votre infrastructure et con\u00e7ues pour offrir une meilleure visibilit\u00e9 et am\u00e9liorer la connaissance situationnelle.<\/p>\n","protected":false},"author":6,"featured_media":15368,"parent":0,"menu_order":0,"comment_status":"closed","ping_status":"closed","template":"page-templates\/page-industry.php","meta":{"_acf_changed":false,"footnotes":""},"class_list":["post-15861","page","type-page","status-publish","has-post-thumbnail","hentry"],"acf":[],"_links":{"self":[{"href":"https:\/\/www.ionodes.com\/fr\/wp-json\/wp\/v2\/pages\/15861","targetHints":{"allow":["GET"]}}],"collection":[{"href":"https:\/\/www.ionodes.com\/fr\/wp-json\/wp\/v2\/pages"}],"about":[{"href":"https:\/\/www.ionodes.com\/fr\/wp-json\/wp\/v2\/types\/page"}],"author":[{"embeddable":true,"href":"https:\/\/www.ionodes.com\/fr\/wp-json\/wp\/v2\/users\/6"}],"replies":[{"embeddable":true,"href":"https:\/\/www.ionodes.com\/fr\/wp-json\/wp\/v2\/comments?post=15861"}],"version-history":[{"count":3,"href":"https:\/\/www.ionodes.com\/fr\/wp-json\/wp\/v2\/pages\/15861\/revisions"}],"predecessor-version":[{"id":15994,"href":"https:\/\/www.ionodes.com\/fr\/wp-json\/wp\/v2\/pages\/15861\/revisions\/15994"}],"wp:featuredmedia":[{"embeddable":true,"href":"https:\/\/www.ionodes.com\/fr\/wp-json\/wp\/v2\/media\/15368"}],"wp:attachment":[{"href":"https:\/\/www.ionodes.com\/fr\/wp-json\/wp\/v2\/media?parent=15861"}],"curies":[{"name":"wp","href":"https:\/\/api.w.org\/{rel}","templated":true}]}}