{"id":15862,"date":"2025-08-19T17:33:36","date_gmt":"2025-08-19T17:33:36","guid":{"rendered":"https:\/\/www.ionodes.com\/?page_id=15862"},"modified":"2025-08-26T17:05:48","modified_gmt":"2025-08-26T17:05:48","slug":"securiser-les-missions-des-agences","status":"publish","type":"page","link":"https:\/\/www.ionodes.com\/fr\/securiser-les-missions-des-agences\/","title":{"rendered":"S\u00e9curiser les agences"},"content":{"rendered":"<p>Nous offrons des solutions de vid\u00e9oprotection ouvertes pour les agences gouvernementales, alliant s\u00e9curit\u00e9, conformit\u00e9 et fiabilit\u00e9. Notre technologie assure la connaissance situationnelle n\u00e9cessaire pour prot\u00e9ger installations et personnel, tout en soutenant la continuit\u00e9 des missions.<\/p>\n","protected":false},"excerpt":{"rendered":"<p>Nous offrons des solutions de vid\u00e9oprotection ouvertes pour les agences gouvernementales, alliant s\u00e9curit\u00e9, conformit\u00e9 et fiabilit\u00e9. Notre technologie assure la connaissance situationnelle n\u00e9cessaire pour prot\u00e9ger installations et personnel, tout en soutenant la continuit\u00e9 des missions.<\/p>\n","protected":false},"author":3,"featured_media":15615,"parent":0,"menu_order":0,"comment_status":"closed","ping_status":"closed","template":"page-templates\/page-industry.php","meta":{"_acf_changed":false,"footnotes":""},"class_list":["post-15862","page","type-page","status-publish","has-post-thumbnail","hentry"],"acf":[],"_links":{"self":[{"href":"https:\/\/www.ionodes.com\/fr\/wp-json\/wp\/v2\/pages\/15862","targetHints":{"allow":["GET"]}}],"collection":[{"href":"https:\/\/www.ionodes.com\/fr\/wp-json\/wp\/v2\/pages"}],"about":[{"href":"https:\/\/www.ionodes.com\/fr\/wp-json\/wp\/v2\/types\/page"}],"author":[{"embeddable":true,"href":"https:\/\/www.ionodes.com\/fr\/wp-json\/wp\/v2\/users\/3"}],"replies":[{"embeddable":true,"href":"https:\/\/www.ionodes.com\/fr\/wp-json\/wp\/v2\/comments?post=15862"}],"version-history":[{"count":3,"href":"https:\/\/www.ionodes.com\/fr\/wp-json\/wp\/v2\/pages\/15862\/revisions"}],"predecessor-version":[{"id":15989,"href":"https:\/\/www.ionodes.com\/fr\/wp-json\/wp\/v2\/pages\/15862\/revisions\/15989"}],"wp:featuredmedia":[{"embeddable":true,"href":"https:\/\/www.ionodes.com\/fr\/wp-json\/wp\/v2\/media\/15615"}],"wp:attachment":[{"href":"https:\/\/www.ionodes.com\/fr\/wp-json\/wp\/v2\/media?parent=15862"}],"curies":[{"name":"wp","href":"https:\/\/api.w.org\/{rel}","templated":true}]}}