{"id":15866,"date":"2025-08-19T17:34:18","date_gmt":"2025-08-19T17:34:18","guid":{"rendered":"https:\/\/www.ionodes.com\/?page_id=15866"},"modified":"2025-08-26T17:08:19","modified_gmt":"2025-08-26T17:08:19","slug":"une-education-plus-securitaire","status":"publish","type":"page","link":"https:\/\/www.ionodes.com\/fr\/une-education-plus-securitaire\/","title":{"rendered":"Une \u00e9ducation plus s\u00e9curitaire"},"content":{"rendered":"<p>Nous offrons des solutions de s\u00e9curit\u00e9 vid\u00e9o ouvertes pour l\u2019\u00e9ducation, afin de prot\u00e9ger \u00e9tudiants, personnel et installations. Fiables et flexibles, nos produits am\u00e9liore la s\u00e9curit\u00e9, pr\u00e9viennent les incidents et soutiennent l\u2019efficacit\u00e9 des op\u00e9rations.<\/p>\n","protected":false},"excerpt":{"rendered":"<p>Nous offrons des solutions de s\u00e9curit\u00e9 vid\u00e9o ouvertes pour l\u2019\u00e9ducation, afin de prot\u00e9ger \u00e9tudiants, personnel et installations. Fiables et flexibles, nos produits am\u00e9liore la s\u00e9curit\u00e9, pr\u00e9viennent les incidents et soutiennent l\u2019efficacit\u00e9 des op\u00e9rations.<\/p>\n","protected":false},"author":3,"featured_media":15444,"parent":0,"menu_order":0,"comment_status":"closed","ping_status":"closed","template":"page-templates\/page-industry.php","meta":{"_acf_changed":false,"footnotes":""},"class_list":["post-15866","page","type-page","status-publish","has-post-thumbnail","hentry"],"acf":[],"_links":{"self":[{"href":"https:\/\/www.ionodes.com\/fr\/wp-json\/wp\/v2\/pages\/15866","targetHints":{"allow":["GET"]}}],"collection":[{"href":"https:\/\/www.ionodes.com\/fr\/wp-json\/wp\/v2\/pages"}],"about":[{"href":"https:\/\/www.ionodes.com\/fr\/wp-json\/wp\/v2\/types\/page"}],"author":[{"embeddable":true,"href":"https:\/\/www.ionodes.com\/fr\/wp-json\/wp\/v2\/users\/3"}],"replies":[{"embeddable":true,"href":"https:\/\/www.ionodes.com\/fr\/wp-json\/wp\/v2\/comments?post=15866"}],"version-history":[{"count":4,"href":"https:\/\/www.ionodes.com\/fr\/wp-json\/wp\/v2\/pages\/15866\/revisions"}],"predecessor-version":[{"id":15991,"href":"https:\/\/www.ionodes.com\/fr\/wp-json\/wp\/v2\/pages\/15866\/revisions\/15991"}],"wp:featuredmedia":[{"embeddable":true,"href":"https:\/\/www.ionodes.com\/fr\/wp-json\/wp\/v2\/media\/15444"}],"wp:attachment":[{"href":"https:\/\/www.ionodes.com\/fr\/wp-json\/wp\/v2\/media?parent=15866"}],"curies":[{"name":"wp","href":"https:\/\/api.w.org\/{rel}","templated":true}]}}