{"id":16219,"date":"2025-10-01T21:47:18","date_gmt":"2025-10-01T21:47:18","guid":{"rendered":"https:\/\/www.ionodes.com\/contrat-de-licence-utilisateur-final-cluf\/"},"modified":"2025-10-14T19:39:22","modified_gmt":"2025-10-14T19:39:22","slug":"cluf","status":"publish","type":"page","link":"https:\/\/www.ionodes.com\/fr\/cluf\/","title":{"rendered":"Contrat de licence utilisateur (CLUF)"},"content":{"rendered":"<p>Le contrat de licence utilisateur (\u00ab CLUF \u00bb) est un accord juridique contraignant qui d\u00e9finit les conditions g\u00e9n\u00e9rales entre vous (\u00ab vous \u00bb, \u00ab votre \u00bb) et IONODES Inc. (\u00ab IONODES \u00bb) r\u00e9gissant votre acc\u00e8s et votre utilisation du logiciel et de la documentation IONODES, tels qu&rsquo;accord\u00e9s par IONODES dans le cadre d&rsquo;un accord sign\u00e9 avec votre organisation (votre \u00ab organisation \u00bb) (l&rsquo;\u00ab accord \u00bb). Aux fins du pr\u00e9sent CLUF, \u00ab vous \u00bb d\u00e9signe \u00e0 la fois vous-m\u00eame (y compris en votre qualit\u00e9 d&#8217;employ\u00e9 de votre organisation) et l&rsquo;organisation qui vous emploie. <\/p>\n<p>Avant d&rsquo;\u00eatre autoris\u00e9 \u00e0 acc\u00e9der, installer ou utiliser le logiciel ou la documentation, vous devez accepter le pr\u00e9sent CLUF.<\/p>\n<p>Sous r\u00e9serve du pr\u00e9sent CLUF et compte tenu des obligations mutuelles \u00e9nonc\u00e9es dans les pr\u00e9sentes et dans le contrat, IONODES est dispos\u00e9 \u00e0 vous accorder les droits et licences \u00e9nonc\u00e9s dans les pr\u00e9sentes.<\/p>\n<h5><span style=\"color: #333333;\">IMPORTANT<\/span><\/h5>\n<p><strong>Veuillez lire attentivement le pr\u00e9sent CLUF avant d&rsquo;utiliser le Logiciel. En acc\u00e9dant, en installant ou en utilisant le Logiciel, vous reconnaissez avoir lu et compris le pr\u00e9sent CLUF et acceptez d&rsquo;\u00eatre li\u00e9 par les conditions g\u00e9n\u00e9rales du pr\u00e9sent CLUF, et lorsque l&rsquo;Organisation est une entit\u00e9 et non un individu, vous avez l&rsquo;autorit\u00e9 l\u00e9gale d&rsquo;accepter et d&rsquo;approuver le pr\u00e9sent CLUF au nom de cette entit\u00e9. <\/strong><\/p>\n<p><strong>L&rsquo;acc\u00e8s vous est accord\u00e9 sous r\u00e9serve du respect des conditions g\u00e9n\u00e9rales \u00e9nonc\u00e9es dans les pr\u00e9sentes et de l&rsquo;accord conclu entre votre organisation et IONODES.<\/strong><\/p>\n<p><strong>Si vous n&rsquo;acceptez pas les conditions g\u00e9n\u00e9rales du pr\u00e9sent CLUF (en tout ou en partie), vous ne pouvez pas acc\u00e9der au logiciel ou \u00e0 la documentation ni les utiliser. Ne poursuivez pas l&rsquo;installation ou l&rsquo;utilisation du logiciel ou de la documentation et contactez IONODES. <\/strong><\/p>\n<p>Cliquez sur le lien suivant pour acc\u00e9der \u00e0 la derni\u00e8re version de notre <a title=\"Contrat de licence utilisateur.\" href=\"https:\/\/www.ionodes.com\/wp-content\/uploads\/2025\/10\/IONODES-End-User-Licence-Agreement-EULA-17134282.3.pdf\" target=\"_blank\" rel=\"noopener\">contrat de licence utilisateur.<\/a><\/p>\n","protected":false},"excerpt":{"rendered":"<p>Le contrat de licence utilisateur (\u00ab CLUF \u00bb) est un accord juridique contraignant qui d\u00e9finit les conditions g\u00e9n\u00e9rales entre vous (\u00ab vous \u00bb, \u00ab votre \u00bb) et IONODES Inc. (\u00ab IONODES \u00bb) r\u00e9gissant votre acc\u00e8s et votre utilisation du logiciel et de la documentation IONODES, tels qu&rsquo;accord\u00e9s par IONODES dans le cadre d&rsquo;un accord sign\u00e9 [&hellip;]<\/p>\n","protected":false},"author":5,"featured_media":0,"parent":0,"menu_order":0,"comment_status":"closed","ping_status":"closed","template":"","meta":{"_acf_changed":false,"footnotes":""},"class_list":["post-16219","page","type-page","status-publish","hentry"],"acf":[],"_links":{"self":[{"href":"https:\/\/www.ionodes.com\/fr\/wp-json\/wp\/v2\/pages\/16219","targetHints":{"allow":["GET"]}}],"collection":[{"href":"https:\/\/www.ionodes.com\/fr\/wp-json\/wp\/v2\/pages"}],"about":[{"href":"https:\/\/www.ionodes.com\/fr\/wp-json\/wp\/v2\/types\/page"}],"author":[{"embeddable":true,"href":"https:\/\/www.ionodes.com\/fr\/wp-json\/wp\/v2\/users\/5"}],"replies":[{"embeddable":true,"href":"https:\/\/www.ionodes.com\/fr\/wp-json\/wp\/v2\/comments?post=16219"}],"version-history":[{"count":2,"href":"https:\/\/www.ionodes.com\/fr\/wp-json\/wp\/v2\/pages\/16219\/revisions"}],"predecessor-version":[{"id":16222,"href":"https:\/\/www.ionodes.com\/fr\/wp-json\/wp\/v2\/pages\/16219\/revisions\/16222"}],"wp:attachment":[{"href":"https:\/\/www.ionodes.com\/fr\/wp-json\/wp\/v2\/media?parent=16219"}],"curies":[{"name":"wp","href":"https:\/\/api.w.org\/{rel}","templated":true}]}}