{"id":16451,"date":"2025-10-24T18:05:52","date_gmt":"2025-10-24T18:05:52","guid":{"rendered":"https:\/\/www.ionodes.com\/?page_id=16451"},"modified":"2025-11-21T13:55:18","modified_gmt":"2025-11-21T13:55:18","slug":"verifyfaces","status":"publish","type":"page","link":"https:\/\/www.ionodes.com\/fr\/partenaires-technologiques\/verifyfaces\/","title":{"rendered":"Verifyfaces"},"content":{"rendered":"<h3>Verifyfaces<\/h3>\n<p>Verifyfaces est un acteur majeur de technologies de correspondance faciale et de solutions d\u2019analyse d\u00e9mographique, con\u00e7ues pour optimiser la s\u00e9curit\u00e9, am\u00e9liorer l\u2019efficacit\u00e9 op\u00e9rationnelle et enrichir l\u2019exp\u00e9rience client dans divers secteurs. Avec plus de 40 ans d\u2019algorithmes \u00e9prouv\u00e9s, utilis\u00e9s par les services de protection des fronti\u00e8res, le contr\u00f4le des passeports et bien plus encore, Verifyfaces permet aux organisations de transformer la vid\u00e9o en direct en informations exploitables. Ces solutions innovantes scannent les flux vid\u00e9o pour d\u00e9tecter en temps r\u00e9el les personnes d\u2019int\u00e9r\u00eat et \u00e9mettre des alertes bas\u00e9es sur des listes de surveillance personnalisables. Engag\u00e9e \u00e0 pr\u00e9server la confidentialit\u00e9 et l\u2019int\u00e9grit\u00e9 des donn\u00e9es, Verifyfaces aide les organisations \u00e0 tirer parti d\u2019informations strat\u00e9giques tout en favorisant des communaut\u00e9s plus s\u00fbres et en am\u00e9liorant l\u2019engagement des utilisateurs.   <\/p>\n<p>&nbsp;<\/p>\n<h3>Solution Passerelle PERCEPT<\/h3>\n<p>La Solution Passerelle PERCEPT partage de mani\u00e8re s\u00e9curis\u00e9e les flux vid\u00e9o en direct et enregistr\u00e9s provenant de sites distants ou r\u00e9partis, tandis que Verifyfaces analyse ces flux afin de d\u00e9tecter et de faire correspondre les visages avec des galeries de personnes d\u2019int\u00e9r\u00eat, telles que des individus recherch\u00e9s, des VIP ou des membres du personnel.<\/p>\n<p>Chaque correspondance confirm\u00e9e g\u00e9n\u00e8re des \u00e9v\u00e9nements horodat\u00e9s et des alertes instantan\u00e9es, permettant aux \u00e9quipes de s\u00e9curit\u00e9 d\u2019intervenir plus rapidement et avec plus d&rsquo;assurance. Toutes les donn\u00e9es biom\u00e9triques demeurent s\u00e9curis\u00e9es, stock\u00e9es sur site et g\u00e9r\u00e9es au moyen d\u2019une architecture \u00e0 contr\u00f4le d\u2019acc\u00e8s bas\u00e9 sur les r\u00f4les, garantissant ainsi la protection de la vie priv\u00e9e. <\/p>\n<p>Lorsqu\u2019elle est int\u00e9gr\u00e9e aux services d\u2019urgence locaux, une correspondance biom\u00e9trique v\u00e9rifi\u00e9e peut d\u00e9clencher une alerte 911 en temps r\u00e9el, offrant aux premiers intervenants un contexte v\u00e9rifiable et imm\u00e9diat pour am\u00e9liorer la coordination et la rapidit\u00e9 d\u2019intervention.<\/p>\n<h6><strong>Ressources en ligne<\/strong><\/h6>\n<p><a href=\"https:\/\/www.ionodes.com\/technology-partner-verifyfaces-face-matching-solution\/\">IONODES accueille Verifyfaces en tant que nouveau partenaire technologique. <\/a><br \/>\n<a href=\"https:\/\/www.ionodes.com\/wp-content\/uploads\/2025\/10\/IONODES-PERCEPT-Gateway-Verifyfaces-Solution-Sheet.pdf\">Fiche solution Passerelle PERCEPT et Verifyfaces<\/a><\/p>\n","protected":false},"excerpt":{"rendered":"<p>Verifyfaces Verifyfaces est un acteur majeur de technologies de correspondance faciale et de solutions d\u2019analyse d\u00e9mographique, con\u00e7ues pour optimiser la s\u00e9curit\u00e9, am\u00e9liorer l\u2019efficacit\u00e9 op\u00e9rationnelle et enrichir l\u2019exp\u00e9rience client dans divers secteurs. Avec plus de 40 ans d\u2019algorithmes \u00e9prouv\u00e9s, utilis\u00e9s par les services de protection des fronti\u00e8res, le contr\u00f4le des passeports et bien plus encore, Verifyfaces [&hellip;]<\/p>\n","protected":false},"author":6,"featured_media":10125,"parent":10557,"menu_order":0,"comment_status":"closed","ping_status":"closed","template":"page-templates\/page-technology-partners-detial.php","meta":{"_acf_changed":false,"footnotes":""},"class_list":["post-16451","page","type-page","status-publish","has-post-thumbnail","hentry"],"acf":[],"_links":{"self":[{"href":"https:\/\/www.ionodes.com\/fr\/wp-json\/wp\/v2\/pages\/16451","targetHints":{"allow":["GET"]}}],"collection":[{"href":"https:\/\/www.ionodes.com\/fr\/wp-json\/wp\/v2\/pages"}],"about":[{"href":"https:\/\/www.ionodes.com\/fr\/wp-json\/wp\/v2\/types\/page"}],"author":[{"embeddable":true,"href":"https:\/\/www.ionodes.com\/fr\/wp-json\/wp\/v2\/users\/6"}],"replies":[{"embeddable":true,"href":"https:\/\/www.ionodes.com\/fr\/wp-json\/wp\/v2\/comments?post=16451"}],"version-history":[{"count":31,"href":"https:\/\/www.ionodes.com\/fr\/wp-json\/wp\/v2\/pages\/16451\/revisions"}],"predecessor-version":[{"id":16694,"href":"https:\/\/www.ionodes.com\/fr\/wp-json\/wp\/v2\/pages\/16451\/revisions\/16694"}],"up":[{"embeddable":true,"href":"https:\/\/www.ionodes.com\/fr\/wp-json\/wp\/v2\/pages\/10557"}],"wp:featuredmedia":[{"embeddable":true,"href":"https:\/\/www.ionodes.com\/fr\/wp-json\/wp\/v2\/media\/10125"}],"wp:attachment":[{"href":"https:\/\/www.ionodes.com\/fr\/wp-json\/wp\/v2\/media?parent=16451"}],"curies":[{"name":"wp","href":"https:\/\/api.w.org\/{rel}","templated":true}]}}