{"id":17038,"date":"2025-08-01T12:49:06","date_gmt":"2025-08-01T12:49:06","guid":{"rendered":"https:\/\/www.ionodes.com\/dedies-a-votre-mission-en-sante\/"},"modified":"2025-12-23T14:13:43","modified_gmt":"2025-12-23T14:13:43","slug":"dedies-a-votre-mission-en-sante","status":"publish","type":"page","link":"https:\/\/www.ionodes.com\/fr\/dedies-a-votre-mission-en-sante\/","title":{"rendered":"D\u00e9di\u00e9s \u00e0 votre mission en sant\u00e9"},"content":{"rendered":"<p>Con\u00e7ues pour r\u00e9pondre aux exigences concr\u00e8tes des environnements de soins \u00e0 forte affluence, nos solutions vid\u00e9o IP contribuent \u00e0 prot\u00e9ger les patients, les infirmi\u00e8res et le personnel tout en offrant une visibilit\u00e9 compl\u00e8te pour am\u00e9liorer la gestion des soins aux patients.<\/p>\n<p>&nbsp;<\/p>\n","protected":false},"excerpt":{"rendered":"<p>Con\u00e7ues pour r\u00e9pondre aux exigences concr\u00e8tes des environnements de soins \u00e0 forte affluence, nos solutions vid\u00e9o IP contribuent \u00e0 prot\u00e9ger les patients, les infirmi\u00e8res et le personnel tout en offrant une visibilit\u00e9 compl\u00e8te pour am\u00e9liorer la gestion des soins aux patients. &nbsp;<\/p>\n","protected":false},"author":6,"featured_media":16873,"parent":0,"menu_order":0,"comment_status":"closed","ping_status":"closed","template":"page-templates\/page-industry.php","meta":{"_acf_changed":false,"footnotes":""},"class_list":["post-17038","page","type-page","status-publish","has-post-thumbnail","hentry"],"acf":[],"_links":{"self":[{"href":"https:\/\/www.ionodes.com\/fr\/wp-json\/wp\/v2\/pages\/17038","targetHints":{"allow":["GET"]}}],"collection":[{"href":"https:\/\/www.ionodes.com\/fr\/wp-json\/wp\/v2\/pages"}],"about":[{"href":"https:\/\/www.ionodes.com\/fr\/wp-json\/wp\/v2\/types\/page"}],"author":[{"embeddable":true,"href":"https:\/\/www.ionodes.com\/fr\/wp-json\/wp\/v2\/users\/6"}],"replies":[{"embeddable":true,"href":"https:\/\/www.ionodes.com\/fr\/wp-json\/wp\/v2\/comments?post=17038"}],"version-history":[{"count":2,"href":"https:\/\/www.ionodes.com\/fr\/wp-json\/wp\/v2\/pages\/17038\/revisions"}],"predecessor-version":[{"id":17076,"href":"https:\/\/www.ionodes.com\/fr\/wp-json\/wp\/v2\/pages\/17038\/revisions\/17076"}],"wp:featuredmedia":[{"embeddable":true,"href":"https:\/\/www.ionodes.com\/fr\/wp-json\/wp\/v2\/media\/16873"}],"wp:attachment":[{"href":"https:\/\/www.ionodes.com\/fr\/wp-json\/wp\/v2\/media?parent=17038"}],"curies":[{"name":"wp","href":"https:\/\/api.w.org\/{rel}","templated":true}]}}