{"id":17422,"date":"2025-12-05T21:10:55","date_gmt":"2025-12-05T21:10:55","guid":{"rendered":"https:\/\/www.ionodes.com\/?page_id=17422"},"modified":"2026-02-18T20:55:24","modified_gmt":"2026-02-18T20:55:24","slug":"linnovation-au-coeur-de-la-securite-privee","status":"publish","type":"page","link":"https:\/\/www.ionodes.com\/fr\/linnovation-au-coeur-de-la-securite-privee\/","title":{"rendered":"L\u2019innovation au c\u0153ur de la s\u00e9curit\u00e9 priv\u00e9e"},"content":{"rendered":"<div>Con\u00e7ues pour r\u00e9pondre aux exigences quotidiennes des \u00e9quipes de s\u00e9curit\u00e9 priv\u00e9e, nos solutions vid\u00e9o offrent une visibilit\u00e9 centralis\u00e9e afin de simplifier la coordination, surveiller les zones critiques, dissuader les comportements inappropri\u00e9s, optimiser la connaissance situationnelle et permettre une intervention rapide sur l\u2019ensemble des sites clients.<\/div>\n","protected":false},"excerpt":{"rendered":"<p>Con\u00e7ues pour r\u00e9pondre aux exigences quotidiennes des \u00e9quipes de s\u00e9curit\u00e9 priv\u00e9e, nos solutions vid\u00e9o offrent une visibilit\u00e9 centralis\u00e9e afin de simplifier la coordination, surveiller les zones critiques, dissuader les comportements inappropri\u00e9s, optimiser la connaissance situationnelle et permettre une intervention rapide sur l\u2019ensemble des sites clients.<\/p>\n","protected":false},"author":6,"featured_media":17033,"parent":0,"menu_order":0,"comment_status":"closed","ping_status":"closed","template":"page-templates\/page-industry.php","meta":{"_acf_changed":false,"footnotes":""},"class_list":["post-17422","page","type-page","status-publish","has-post-thumbnail","hentry"],"acf":[],"_links":{"self":[{"href":"https:\/\/www.ionodes.com\/fr\/wp-json\/wp\/v2\/pages\/17422","targetHints":{"allow":["GET"]}}],"collection":[{"href":"https:\/\/www.ionodes.com\/fr\/wp-json\/wp\/v2\/pages"}],"about":[{"href":"https:\/\/www.ionodes.com\/fr\/wp-json\/wp\/v2\/types\/page"}],"author":[{"embeddable":true,"href":"https:\/\/www.ionodes.com\/fr\/wp-json\/wp\/v2\/users\/6"}],"replies":[{"embeddable":true,"href":"https:\/\/www.ionodes.com\/fr\/wp-json\/wp\/v2\/comments?post=17422"}],"version-history":[{"count":3,"href":"https:\/\/www.ionodes.com\/fr\/wp-json\/wp\/v2\/pages\/17422\/revisions"}],"predecessor-version":[{"id":17447,"href":"https:\/\/www.ionodes.com\/fr\/wp-json\/wp\/v2\/pages\/17422\/revisions\/17447"}],"wp:featuredmedia":[{"embeddable":true,"href":"https:\/\/www.ionodes.com\/fr\/wp-json\/wp\/v2\/media\/17033"}],"wp:attachment":[{"href":"https:\/\/www.ionodes.com\/fr\/wp-json\/wp\/v2\/media?parent=17422"}],"curies":[{"name":"wp","href":"https:\/\/api.w.org\/{rel}","templated":true}]}}